{"id":2,"date":"2023-12-04T20:19:44","date_gmt":"2023-12-04T19:19:44","guid":{"rendered":"https:\/\/estudiocrea.art\/?page_id=2"},"modified":"2024-01-06T03:00:58","modified_gmt":"2024-01-06T02:00:58","slug":"nosotros","status":"publish","type":"page","link":"https:\/\/estudiocrea.art\/index.php\/nosotros\/","title":{"rendered":"NOSOTROS"},"content":{"rendered":"\t\t<div data-elementor-type=\"wp-page\" data-elementor-id=\"2\" class=\"elementor elementor-2\" data-elementor-post-type=\"page\">\n\t\t\t\t<div class=\"elementor-element elementor-element-c96c476 e-flex e-con-boxed e-con e-parent\" data-id=\"c96c476\" data-element_type=\"container\">\n\t\t\t\t\t<div class=\"e-con-inner\">\n\t\t<div class=\"elementor-element elementor-element-01a55f1 e-con-full e-flex e-con e-child\" data-id=\"01a55f1\" data-element_type=\"container\">\n\t\t\t\t<div class=\"elementor-element elementor-element-7b1ed2a elementor-widget elementor-widget-text-editor\" data-id=\"7b1ed2a\" data-element_type=\"widget\" data-widget_type=\"text-editor.default\">\n\t\t\t\t<div class=\"elementor-widget-container\">\n\t\t\t\t\t\t\t\t\t<p>\u00a0<\/p>\n<h2>MISI\u00d3N<\/h2>\n<p><span class=\"OYPEnA text-decoration-none text-strikethrough-none\">Hacer que el arte forme parte de tu entorno de una forma <\/span><strong><span class=\"OYPEnA text-decoration-none text-strikethrough-none\">creativa, minimalista y elegante<\/span><\/strong><span class=\"OYPEnA text-decoration-none text-strikethrough-none\">, por medio de arte con <\/span><strong><span class=\"OYPEnA text-decoration-none text-strikethrough-none\">textura<\/span><\/strong><span class=\"OYPEnA text-decoration-none text-strikethrough-none\">, logrando <\/span><strong><span class=\"OYPEnA text-decoration-none text-strikethrough-none\">conectar <\/span><\/strong><span class=\"OYPEnA text-decoration-none text-strikethrough-none\">tu espacio contigo y los dem\u00e1s.<\/span><\/p>\t\t\t\t\t\t\t\t<\/div>\n\t\t\t\t<\/div>\n\t\t\t\t<\/div>\n\t\t<div class=\"elementor-element elementor-element-f0cf2e7 e-con-full e-flex e-con e-child\" data-id=\"f0cf2e7\" data-element_type=\"container\">\n\t\t\t\t<div class=\"elementor-element elementor-element-e86ac03 elementor-widget elementor-widget-image\" data-id=\"e86ac03\" data-element_type=\"widget\" data-widget_type=\"image.default\">\n\t\t\t\t<div class=\"elementor-widget-container\">\n\t\t\t\t\t\t\t\t\t\t\t\t\t\t\t<img fetchpriority=\"high\" decoding=\"async\" width=\"1024\" height=\"576\" src=\"https:\/\/estudiocrea.art\/wp-content\/uploads\/2024\/01\/estudiocrea-1024x576.jpg\" class=\"attachment-large size-large wp-image-570\" alt=\"\" srcset=\"https:\/\/estudiocrea.art\/wp-content\/uploads\/2024\/01\/estudiocrea-1024x576.jpg 1024w, https:\/\/estudiocrea.art\/wp-content\/uploads\/2024\/01\/estudiocrea-300x169.jpg 300w, https:\/\/estudiocrea.art\/wp-content\/uploads\/2024\/01\/estudiocrea-768x432.jpg 768w, https:\/\/estudiocrea.art\/wp-content\/uploads\/2024\/01\/estudiocrea-1536x864.jpg 1536w, https:\/\/estudiocrea.art\/wp-content\/uploads\/2024\/01\/estudiocrea-2048x1152.jpg 2048w, https:\/\/estudiocrea.art\/wp-content\/uploads\/2024\/01\/estudiocrea-1140x641.jpg 1140w, https:\/\/estudiocrea.art\/wp-content\/uploads\/2024\/01\/estudiocrea-920x518.jpg 920w, https:\/\/estudiocrea.art\/wp-content\/uploads\/2024\/01\/estudiocrea-575x323.jpg 575w, https:\/\/estudiocrea.art\/wp-content\/uploads\/2024\/01\/estudiocrea-380x214.jpg 380w, https:\/\/estudiocrea.art\/wp-content\/uploads\/2024\/01\/estudiocrea-1320x743.jpg 1320w, https:\/\/estudiocrea.art\/wp-content\/uploads\/2024\/01\/estudiocrea-420x236.jpg 420w, https:\/\/estudiocrea.art\/wp-content\/uploads\/2024\/01\/estudiocrea-800x450.jpg 800w\" sizes=\"(max-width: 1024px) 100vw, 1024px\" \/>\t\t\t\t\t\t\t\t\t\t\t\t\t\t\t<\/div>\n\t\t\t\t<\/div>\n\t\t\t\t<\/div>\n\t\t\t\t\t<\/div>\n\t\t\t\t<\/div>\n\t\t<div class=\"elementor-element elementor-element-90b1c4a e-flex e-con-boxed e-con e-parent\" data-id=\"90b1c4a\" data-element_type=\"container\">\n\t\t\t\t\t<div class=\"e-con-inner\">\n\t\t<div class=\"elementor-element elementor-element-e44c976 e-con-full e-flex e-con e-child\" data-id=\"e44c976\" data-element_type=\"container\">\n\t\t\t\t<div class=\"elementor-element elementor-element-3ec29be elementor-widget elementor-widget-image\" data-id=\"3ec29be\" data-element_type=\"widget\" data-widget_type=\"image.default\">\n\t\t\t\t<div class=\"elementor-widget-container\">\n\t\t\t\t\t\t\t\t\t\t\t\t\t\t\t<img decoding=\"async\" width=\"1024\" height=\"576\" src=\"https:\/\/estudiocrea.art\/wp-content\/uploads\/2023\/12\/estudiocrea-1-1024x576.png\" class=\"attachment-large size-large wp-image-456\" alt=\"\" srcset=\"https:\/\/estudiocrea.art\/wp-content\/uploads\/2023\/12\/estudiocrea-1-1024x576.png 1024w, https:\/\/estudiocrea.art\/wp-content\/uploads\/2023\/12\/estudiocrea-1-300x169.png 300w, https:\/\/estudiocrea.art\/wp-content\/uploads\/2023\/12\/estudiocrea-1-768x432.png 768w, https:\/\/estudiocrea.art\/wp-content\/uploads\/2023\/12\/estudiocrea-1-1536x864.png 1536w, https:\/\/estudiocrea.art\/wp-content\/uploads\/2023\/12\/estudiocrea-1-1140x641.png 1140w, https:\/\/estudiocrea.art\/wp-content\/uploads\/2023\/12\/estudiocrea-1-920x518.png 920w, https:\/\/estudiocrea.art\/wp-content\/uploads\/2023\/12\/estudiocrea-1-575x323.png 575w, https:\/\/estudiocrea.art\/wp-content\/uploads\/2023\/12\/estudiocrea-1-380x214.png 380w, https:\/\/estudiocrea.art\/wp-content\/uploads\/2023\/12\/estudiocrea-1-420x236.png 420w, https:\/\/estudiocrea.art\/wp-content\/uploads\/2023\/12\/estudiocrea-1-800x450.png 800w, https:\/\/estudiocrea.art\/wp-content\/uploads\/2023\/12\/estudiocrea-1.png 1920w\" sizes=\"(max-width: 1024px) 100vw, 1024px\" \/>\t\t\t\t\t\t\t\t\t\t\t\t\t\t\t<\/div>\n\t\t\t\t<\/div>\n\t\t\t\t<\/div>\n\t\t<div class=\"elementor-element elementor-element-29f22ab e-con-full e-flex e-con e-child\" data-id=\"29f22ab\" data-element_type=\"container\">\n\t\t\t\t<div class=\"elementor-element elementor-element-0a1ed15 elementor-widget elementor-widget-text-editor\" data-id=\"0a1ed15\" data-element_type=\"widget\" data-widget_type=\"text-editor.default\">\n\t\t\t\t<div class=\"elementor-widget-container\">\n\t\t\t\t\t\t\t\t\t<h2>VISI\u00d3N<\/h2>\n<p class=\"cvGsUA direction-ltr align-start para-style-body\"><span class=\"OYPEnA text-decoration-none text-strikethrough-none\">Ser un estudio de <\/span><strong><span class=\"OYPEnA text-decoration-none text-strikethrough-none\">arte y dise\u00f1o influyente <\/span><\/strong><span class=\"OYPEnA text-decoration-none text-strikethrough-none\">que busca innovaci\u00f3n y conexi\u00f3n a trav\u00e9s del arte, ayudando a que las personas logren enriquecer y complementar su propio espacio deseado.<\/span><\/p>\t\t\t\t\t\t\t\t<\/div>\n\t\t\t\t<\/div>\n\t\t\t\t<\/div>\n\t\t\t\t\t<\/div>\n\t\t\t\t<\/div>\n\t\t<div class=\"elementor-element elementor-element-856d3d2 e-flex e-con-boxed e-con e-parent\" data-id=\"856d3d2\" data-element_type=\"container\">\n\t\t\t\t\t<div class=\"e-con-inner\">\n\t\t<div class=\"elementor-element elementor-element-f8aa875 e-con-full e-flex e-con e-child\" data-id=\"f8aa875\" data-element_type=\"container\">\n\t\t\t\t<div class=\"elementor-element elementor-element-6792439 elementor-widget elementor-widget-text-editor\" data-id=\"6792439\" data-element_type=\"widget\" data-widget_type=\"text-editor.default\">\n\t\t\t\t<div class=\"elementor-widget-container\">\n\t\t\t\t\t\t\t\t\t<h4 class=\"cvGsUA direction-ltr align-start para-style-body\" style=\"text-align: center;\"><span class=\"OYPEnA text-decoration-none text-strikethrough-none\"><b>Creatividad<\/b><\/span><\/h4><div><span class=\"OYPEnA text-decoration-none text-strikethrough-none\"><b><br><\/b><\/span><\/div>\n<h4 class=\"cvGsUA direction-ltr align-start para-style-body\" style=\"text-align: center;\"><span class=\"OYPEnA text-decoration-none text-strikethrough-none\"><b>Conexi\u00f3n<\/b><\/span><\/h4><div><span class=\"OYPEnA text-decoration-none text-strikethrough-none\"><b><br><\/b><\/span><\/div>\n<h4 class=\"cvGsUA direction-ltr align-start para-style-body\" style=\"text-align: center;\"><span class=\"OYPEnA text-decoration-none text-strikethrough-none\"><b>Calidad<\/b><\/span><\/h4><div><span class=\"OYPEnA text-decoration-none text-strikethrough-none\"><b><br><\/b><\/span><\/div>\n<h4 class=\"cvGsUA direction-ltr align-start para-style-body\" style=\"text-align: center;\"><b>Compromiso<\/b><\/h4>\t\t\t\t\t\t\t\t<\/div>\n\t\t\t\t<\/div>\n\t\t\t\t<\/div>\n\t\t<div class=\"elementor-element elementor-element-d468215 e-con-full e-flex e-con e-child\" data-id=\"d468215\" data-element_type=\"container\">\n\t\t\t\t<div class=\"elementor-element elementor-element-5c56ff5 elementor-widget elementor-widget-image\" data-id=\"5c56ff5\" data-element_type=\"widget\" data-widget_type=\"image.default\">\n\t\t\t\t<div class=\"elementor-widget-container\">\n\t\t\t\t\t\t\t\t\t\t\t\t\t\t\t<img decoding=\"async\" width=\"1024\" height=\"963\" src=\"https:\/\/estudiocrea.art\/wp-content\/uploads\/2023\/12\/estudiocrea-3-e1701719233237-1024x963.png\" class=\"attachment-large size-large wp-image-459\" alt=\"\" srcset=\"https:\/\/estudiocrea.art\/wp-content\/uploads\/2023\/12\/estudiocrea-3-e1701719233237-1024x963.png 1024w, https:\/\/estudiocrea.art\/wp-content\/uploads\/2023\/12\/estudiocrea-3-e1701719233237-300x282.png 300w, https:\/\/estudiocrea.art\/wp-content\/uploads\/2023\/12\/estudiocrea-3-e1701719233237-768x723.png 768w, https:\/\/estudiocrea.art\/wp-content\/uploads\/2023\/12\/estudiocrea-3-e1701719233237-1140x1072.png 1140w, https:\/\/estudiocrea.art\/wp-content\/uploads\/2023\/12\/estudiocrea-3-e1701719233237-920x866.png 920w, https:\/\/estudiocrea.art\/wp-content\/uploads\/2023\/12\/estudiocrea-3-e1701719233237-575x541.png 575w, https:\/\/estudiocrea.art\/wp-content\/uploads\/2023\/12\/estudiocrea-3-e1701719233237-380x357.png 380w, https:\/\/estudiocrea.art\/wp-content\/uploads\/2023\/12\/estudiocrea-3-e1701719233237-420x395.png 420w, https:\/\/estudiocrea.art\/wp-content\/uploads\/2023\/12\/estudiocrea-3-e1701719233237-800x753.png 800w, https:\/\/estudiocrea.art\/wp-content\/uploads\/2023\/12\/estudiocrea-3-e1701719233237.png 1148w\" sizes=\"(max-width: 1024px) 100vw, 1024px\" \/>\t\t\t\t\t\t\t\t\t\t\t\t\t\t\t<\/div>\n\t\t\t\t<\/div>\n\t\t\t\t<\/div>\n\t\t\t\t\t<\/div>\n\t\t\t\t<\/div>\n\t\t<div class=\"elementor-element elementor-element-54d0d8a e-flex e-con-boxed e-con e-parent\" data-id=\"54d0d8a\" data-element_type=\"container\">\n\t\t\t\t\t<div class=\"e-con-inner\">\n\t\t\t\t<div class=\"elementor-element elementor-element-4631ea5 elementor-widget elementor-widget-image\" data-id=\"4631ea5\" data-element_type=\"widget\" data-widget_type=\"image.default\">\n\t\t\t\t<div class=\"elementor-widget-container\">\n\t\t\t\t\t\t\t\t\t\t\t\t\t\t\t<img loading=\"lazy\" decoding=\"async\" width=\"1024\" height=\"576\" src=\"https:\/\/estudiocrea.art\/wp-content\/uploads\/2023\/12\/estudiocrea-5-1024x576.png\" class=\"attachment-large size-large wp-image-467\" alt=\"\" srcset=\"https:\/\/estudiocrea.art\/wp-content\/uploads\/2023\/12\/estudiocrea-5-1024x576.png 1024w, https:\/\/estudiocrea.art\/wp-content\/uploads\/2023\/12\/estudiocrea-5-300x169.png 300w, https:\/\/estudiocrea.art\/wp-content\/uploads\/2023\/12\/estudiocrea-5-768x432.png 768w, https:\/\/estudiocrea.art\/wp-content\/uploads\/2023\/12\/estudiocrea-5-1536x864.png 1536w, https:\/\/estudiocrea.art\/wp-content\/uploads\/2023\/12\/estudiocrea-5-1140x641.png 1140w, https:\/\/estudiocrea.art\/wp-content\/uploads\/2023\/12\/estudiocrea-5-920x518.png 920w, https:\/\/estudiocrea.art\/wp-content\/uploads\/2023\/12\/estudiocrea-5-575x323.png 575w, https:\/\/estudiocrea.art\/wp-content\/uploads\/2023\/12\/estudiocrea-5-380x214.png 380w, https:\/\/estudiocrea.art\/wp-content\/uploads\/2023\/12\/estudiocrea-5-420x236.png 420w, https:\/\/estudiocrea.art\/wp-content\/uploads\/2023\/12\/estudiocrea-5-800x450.png 800w, https:\/\/estudiocrea.art\/wp-content\/uploads\/2023\/12\/estudiocrea-5.png 1920w\" sizes=\"(max-width: 1024px) 100vw, 1024px\" \/>\t\t\t\t\t\t\t\t\t\t\t\t\t\t\t<\/div>\n\t\t\t\t<\/div>\n\t\t\t\t\t<\/div>\n\t\t\t\t<\/div>\n\t\t\t\t<\/div>\n\t\t","protected":false},"excerpt":{"rendered":"<p>\u00a0 MISI\u00d3N Hacer que el arte forme parte de tu entorno de una forma creativa, minimalista y elegante, por medio de arte con textura, logrando conectar tu espacio contigo y [&hellip;]<\/p>\n","protected":false},"author":1,"featured_media":0,"parent":0,"menu_order":0,"comment_status":"closed","ping_status":"closed","template":"","meta":{"footnotes":""},"class_list":["post-2","page","type-page","status-publish","hentry"],"jetpack_sharing_enabled":true,"_links":{"self":[{"href":"https:\/\/estudiocrea.art\/index.php\/wp-json\/wp\/v2\/pages\/2","targetHints":{"allow":["GET"]}}],"collection":[{"href":"https:\/\/estudiocrea.art\/index.php\/wp-json\/wp\/v2\/pages"}],"about":[{"href":"https:\/\/estudiocrea.art\/index.php\/wp-json\/wp\/v2\/types\/page"}],"author":[{"embeddable":true,"href":"https:\/\/estudiocrea.art\/index.php\/wp-json\/wp\/v2\/users\/1"}],"replies":[{"embeddable":true,"href":"https:\/\/estudiocrea.art\/index.php\/wp-json\/wp\/v2\/comments?post=2"}],"version-history":[{"count":17,"href":"https:\/\/estudiocrea.art\/index.php\/wp-json\/wp\/v2\/pages\/2\/revisions"}],"predecessor-version":[{"id":577,"href":"https:\/\/estudiocrea.art\/index.php\/wp-json\/wp\/v2\/pages\/2\/revisions\/577"}],"wp:attachment":[{"href":"https:\/\/estudiocrea.art\/index.php\/wp-json\/wp\/v2\/media?parent=2"}],"curies":[{"name":"wp","href":"https:\/\/api.w.org\/{rel}","templated":true}]}}